{"id":725,"date":"2023-06-23T16:52:39","date_gmt":"2023-06-23T14:52:39","guid":{"rendered":"http:\/\/91.191.176.212\/WordPress\/?page_id=725"},"modified":"2023-06-28T14:08:58","modified_gmt":"2023-06-28T12:08:58","slug":"asien","status":"publish","type":"page","link":"http:\/\/91.191.176.212\/WordPress\/asien\/","title":{"rendered":"Asien"},"content":{"rendered":"\n<div class=\"wp-block-cover is-light\" style=\"min-height:416px\"><span aria-hidden=\"true\" class=\"wp-block-cover__background has-background-dim-0 has-background-dim\"><\/span><img decoding=\"async\" loading=\"lazy\" width=\"1024\" height=\"588\" class=\"wp-block-cover__image-background wp-image-29\" alt=\"\" src=\"http:\/\/91.191.176.212\/WordPress\/wp-content\/uploads\/2022\/11\/temple-2608307_1920-1024x588.jpg\" data-object-fit=\"cover\" srcset=\"http:\/\/91.191.176.212\/WordPress\/wp-content\/uploads\/2022\/11\/temple-2608307_1920-1024x588.jpg 1024w, http:\/\/91.191.176.212\/WordPress\/wp-content\/uploads\/2022\/11\/temple-2608307_1920-300x172.jpg 300w, http:\/\/91.191.176.212\/WordPress\/wp-content\/uploads\/2022\/11\/temple-2608307_1920-768x441.jpg 768w, http:\/\/91.191.176.212\/WordPress\/wp-content\/uploads\/2022\/11\/temple-2608307_1920-1536x882.jpg 1536w, http:\/\/91.191.176.212\/WordPress\/wp-content\/uploads\/2022\/11\/temple-2608307_1920.jpg 1920w\" sizes=\"(max-width: 1024px) 100vw, 1024px\" \/><div class=\"wp-block-cover__inner-container\">\n<p class=\"has-text-align-center o-typing-delay-500ms has-white-color has-text-color has-large-font-size\"><strong><o-anim-typing>Asien 2011, 2013<\/o-anim-typing><\/strong><\/p>\n<\/div><\/div>\n\n\n\n<p><br><p>Asien steht f\u00fcr fremde Kulturen, Natursch\u00f6nheiten und Tradition. Durch seine Vielfalt bietet Asien beinahe f\u00fcr jeden Geschmack seinen Besuchern etwas.<br> In diesen Galerien findest Du Fotos unserer Rundreise durch\/nach Kambodscha und Vietnam im Jahr 2013, sowie einige Bilder eines Besuches in Singapur 2011<\/p><\/p>\n\n\n\n    <div id=\"bwg_container1_0\"         class=\"bwg_container bwg_thumbnail bwg_album_compact_preview bwg_thumbnail\"         data-right-click-protection=\"1\"         data-bwg=\"0\"         data-scroll=\"0\"         data-gallery-type=\"album_compact_preview\"         data-gallery-view-type=\"thumbnail\"         data-current-url=\"\/WordPress\/wp-json\/wp\/v2\/pages\/725\"         data-lightbox-url=\"http:\/\/91.191.176.212\/WordPress\/wp-admin\/admin-ajax.php?action=GalleryBox&#038;current_view=0&#038;gallery_id=0&#038;tag=0&#038;theme_id=1&#038;shortcode_id=30&#038;sort_by=order&#038;order_by=asc&#038;current_url=%2FWordPress%2Fwp-json%2Fwp%2Fv2%2Fpages%2F725\"         data-gallery-id=\"0\"         data-popup-width=\"800\"         data-popup-height=\"500\"         data-is-album=\"album\"         data-buttons-position=\"bottom\">      <div id=\"bwg_container2_0\">             <div id=\"ajax_loading_0\" class=\"bwg_loading_div_1\">      <div class=\"bwg_loading_div_2\">        <div class=\"bwg_loading_div_3\">          <div id=\"loading_div_0\" class=\"bwg_spider_ajax_loading\">          <\/div>        <\/div>      <\/div>    <\/div>            <form id=\"gal_front_form_0\"              class=\"bwg-hidden\"              method=\"post\"              action=\"#\"              data-current=\"0\"              data-shortcode-id=\"30\"              data-gallery-type=\"album_compact_preview\"              data-gallery-id=\"0\"              data-tag=\"0\"              data-album-id=\"5\"              data-theme-id=\"1\"              data-ajax-url=\"http:\/\/91.191.176.212\/WordPress\/wp-admin\/admin-ajax.php?action=bwg_frontend_data\">          <div id=\"bwg_container3_0\" class=\"bwg-background bwg-background-0\">                <div data-max-count=\"5\"         data-thumbnail-width=\"300\"         data-bwg=\"0\"         id=\"bwg_album_compact_0\"         class=\"bwg-thumbnails bwg-container bwg-container-0 bwg-album-thumbnails bwg_album_thumbnails_0\">              <div class=\"bwg-item\">          <a class=\"bwg-a bwg-album bwg_album_0\"             href='\/WordPress\/wp-json\/wp\/v2\/pages\/725?type_0=gallery&#038;album_gallery_id_0=15'                          data-container_id=\"bwg_album_compact_0\"             data-def_type=\"gallery\"             data-album_gallery_id=\"5\"             data-alb_gal_id=\"15\"             data-title=\"Kambodscha\"             data-bwg=\"0\">                        <div class=\"bwg-item0 \">              <div class=\"bwg-item1 \">                <div class=\"bwg-item2\">                  <img class=\"skip-lazy \"                       data-width=\"400.00\"                       data-height=\"267.00\"                       data-src=\"http:\/\/91.191.176.212\/WordPress\/wp-content\/uploads\/photo-gallery\/Kambodscha\/thumb\/IMG_0106.jpg?bwg=1687525203\"                       src=\"http:\/\/91.191.176.212\/WordPress\/wp-content\/uploads\/photo-gallery\/Kambodscha\/thumb\/IMG_0106.jpg?bwg=1687525203\"                       alt=\"Kambodscha\"                       title=\"Kambodscha\" \/>                <\/div>                <div class=\"\">                                  <\/div>              <\/div>            <\/div>            <div class=\"bwg-title1\"><div class=\"bwg-title2\">Kambodscha<\/div><\/div>          <\/a>        <\/div>                <div class=\"bwg-item\">          <a class=\"bwg-a bwg-album bwg_album_0\"             href='\/WordPress\/wp-json\/wp\/v2\/pages\/725?type_0=gallery&#038;album_gallery_id_0=14'                          data-container_id=\"bwg_album_compact_0\"             data-def_type=\"gallery\"             data-album_gallery_id=\"5\"             data-alb_gal_id=\"14\"             data-title=\"Vietnam\"             data-bwg=\"0\">                        <div class=\"bwg-item0 \">              <div class=\"bwg-item1 \">                <div class=\"bwg-item2\">                  <img class=\"skip-lazy \"                       data-width=\"400.00\"                       data-height=\"267.00\"                       data-src=\"http:\/\/91.191.176.212\/WordPress\/wp-content\/uploads\/photo-gallery\/Vietnam\/thumb\/IMG_0390.jpg?bwg=1687525159\"                       src=\"http:\/\/91.191.176.212\/WordPress\/wp-content\/uploads\/photo-gallery\/Vietnam\/thumb\/IMG_0390.jpg?bwg=1687525159\"                       alt=\"Vietnam\"                       title=\"Vietnam\" \/>                <\/div>                <div class=\"\">                                  <\/div>              <\/div>            <\/div>            <div class=\"bwg-title1\"><div class=\"bwg-title2\">Vietnam<\/div><\/div>          <\/a>        <\/div>                <div class=\"bwg-item\">          <a class=\"bwg-a bwg-album bwg_album_0\"             href='\/WordPress\/wp-json\/wp\/v2\/pages\/725?type_0=gallery&#038;album_gallery_id_0=16'                          data-container_id=\"bwg_album_compact_0\"             data-def_type=\"gallery\"             data-album_gallery_id=\"5\"             data-alb_gal_id=\"16\"             data-title=\"Singapur\"             data-bwg=\"0\">                        <div class=\"bwg-item0 \">              <div class=\"bwg-item1 \">                <div class=\"bwg-item2\">                  <img class=\"skip-lazy \"                       data-width=\"400.00\"                       data-height=\"225.00\"                       data-src=\"http:\/\/91.191.176.212\/WordPress\/wp-content\/uploads\/photo-gallery\/Singapur\/thumb\/P1020293.jpg?bwg=1687525276\"                       src=\"http:\/\/91.191.176.212\/WordPress\/wp-content\/uploads\/photo-gallery\/Singapur\/thumb\/P1020293.jpg?bwg=1687525276\"                       alt=\"Singapur\"                       title=\"Singapur\" \/>                <\/div>                <div class=\"\">                                  <\/div>              <\/div>            <\/div>            <div class=\"bwg-title1\"><div class=\"bwg-title2\">Singapur<\/div><\/div>          <\/a>        <\/div>            <\/div>          <input type=\"hidden\" id=\"bwg_album_breadcrumb_0\" name=\"bwg_album_breadcrumb_0\" value='[{&quot;id&quot;:&quot;5&quot;,&quot;page&quot;:1}]' \/>          <span class=\"bwg_nav_cont_0\">                <script>jQuery('.bwg_nav_cont_0').remove()<\/script>              <input type=\"hidden\" id=\"page_number_0\" name=\"page_number_0\" value=\"1\" \/>      <script type=\"text\/javascript\">        if( jQuery('.bwg_nav_cont_0').length > 1 ) {          jQuery('.bwg_nav_cont_0').first().remove()        }        function spider_page_0(cur, x, y, load_more) {          if (typeof load_more == \"undefined\") {            var load_more = false;          }          if (jQuery(cur).hasClass('disabled')) {            return false;          }          var items_county_0 = 2;          switch (y) {            case 1:              if (x >= items_county_0) {                document.getElementById('page_number_0').value = items_county_0;              }              else {                document.getElementById('page_number_0').value = x + 1;              }              break;            case 2:              document.getElementById('page_number_0').value = items_county_0;              break;            case -1:              if (x == 1) {                document.getElementById('page_number_0').value = 1;              }              else {                document.getElementById('page_number_0').value = x - 1;              }              break;            case -2:              document.getElementById('page_number_0').value = 1;              break;\t\t\t\t\t\tcase 0:              document.getElementById('page_number_0').value = x;              break;            default:              document.getElementById('page_number_0').value = 1;          }          bwg_ajax('gal_front_form_0', '0', 'bwg_album_compact_0', '5', '', 'album', 0, '', '', load_more, '', 0);        }                    jQuery('.first-page-0').on('click', function () {              spider_page_0(this, 1, -2, 'numeric');              return false;            });            jQuery('.prev-page-0').on('click', function () {              spider_page_0(this, 1, -1, 'numeric');              return false;            });            jQuery('.next-page-0').on('click', function () {              spider_page_0(this, 1, 1, 'numeric');              return false;            });            jQuery('.last-page-0').on('click', function () {              spider_page_0(this, 1, 2, 'numeric');              return false;            });        \t\t\t\t\/* Change page on input enter. *\/        function bwg_change_page_0( e, that ) {          if (  e.key == 'Enter' ) {            var to_page = parseInt(jQuery(that).val());            var pages_count = jQuery(that).parents(\".pagination-links\").data(\"pages-count\");            var current_url_param = jQuery(that).attr('data-url-info');            if (to_page > pages_count) {              to_page = 1;            }\t \t\t\t\t\t\t\t\t\t\t\t\tspider_page_0(this, to_page, 0, 'numeric');\t\t\t\t\t\t\treturn false;\t\t\t\t\t\t          }          return true;        }        jQuery('.bwg_load_btn_0').on('click', function () {            spider_page_0(this, 1, 1, true);            return false;        });      <\/script>      <\/span>                <\/div>        <\/form>                <div id=\"bwg_spider_popup_loading_0\" class=\"bwg_spider_popup_loading\"><\/div>        <div id=\"spider_popup_overlay_0\" class=\"spider_popup_overlay\" onclick=\"spider_destroypopup(1000)\"><\/div>        <input type=\"hidden\" id=\"bwg_random_seed_0\" value=\"1424957652\">                <\/div>    <\/div>    <script>      if (document.readyState === 'complete') {        if( typeof bwg_main_ready == 'function' ) {          if ( jQuery(\"#bwg_container1_0\").height() ) {            bwg_main_ready(jQuery(\"#bwg_container1_0\"));          }        }      } else {        document.addEventListener('DOMContentLoaded', function() {          if( typeof bwg_main_ready == 'function' ) {            if ( jQuery(\"#bwg_container1_0\").height() ) {             bwg_main_ready(jQuery(\"#bwg_container1_0\"));            }          }        });      }    <\/script>    \n\n\n<p><span style=\"font-family: arial, helvetica, sans-serif; font-size: 8pt; color: #808080;\">&#8211; Fotos in der Galerie by R.Furck. All rights reserverd.<br>&#8211; Titelfoto von <a href=\"https:\/\/pixabay.com\/de\/\">Pixabay<\/a><\/span><\/p>","protected":false},"excerpt":{"rendered":"<p>Asien steht f\u00fcr fremde Kulturen, Natursch\u00f6nheiten und Tradition. Durch seine Vielfalt bietet Asien beinahe f\u00fcr jeden Geschmack seinen Besuchern etwas. In diesen Galerien findest Du Fotos unserer Rundreise durch\/nach Kambodscha &#8230;<\/p>\n","protected":false},"author":1,"featured_media":0,"parent":0,"menu_order":0,"comment_status":"closed","ping_status":"closed","template":"","meta":{"_themeisle_gutenberg_block_has_review":false},"_links":{"self":[{"href":"http:\/\/91.191.176.212\/WordPress\/wp-json\/wp\/v2\/pages\/725"}],"collection":[{"href":"http:\/\/91.191.176.212\/WordPress\/wp-json\/wp\/v2\/pages"}],"about":[{"href":"http:\/\/91.191.176.212\/WordPress\/wp-json\/wp\/v2\/types\/page"}],"author":[{"embeddable":true,"href":"http:\/\/91.191.176.212\/WordPress\/wp-json\/wp\/v2\/users\/1"}],"replies":[{"embeddable":true,"href":"http:\/\/91.191.176.212\/WordPress\/wp-json\/wp\/v2\/comments?post=725"}],"version-history":[{"count":13,"href":"http:\/\/91.191.176.212\/WordPress\/wp-json\/wp\/v2\/pages\/725\/revisions"}],"predecessor-version":[{"id":964,"href":"http:\/\/91.191.176.212\/WordPress\/wp-json\/wp\/v2\/pages\/725\/revisions\/964"}],"wp:attachment":[{"href":"http:\/\/91.191.176.212\/WordPress\/wp-json\/wp\/v2\/media?parent=725"}],"curies":[{"name":"wp","href":"https:\/\/api.w.org\/{rel}","templated":true}]}}