{"id":589,"date":"2023-06-13T14:20:42","date_gmt":"2023-06-13T12:20:42","guid":{"rendered":"http:\/\/91.191.176.212\/WordPress\/?page_id=589"},"modified":"2023-07-10T10:14:30","modified_gmt":"2023-07-10T08:14:30","slug":"geschlossene-benutzergruppe","status":"publish","type":"page","link":"http:\/\/91.191.176.212\/WordPress\/geschlossene-benutzergruppe\/","title":{"rendered":"Geschlossene Benutzergruppe"},"content":{"rendered":"\n<p>Um diese Seite aufrufen zu k\u00f6nnen, ben\u00f6tigst Du spezielle Rechte. <\/p>\n\n\n\n<p><\/p>\n\n\n\n<div class=\"wp-block-group is-layout-constrained\"><div class=\"wp-block-group__inner-container\">\n<pre class=\"wp-block-preformatted has-white-background-color has-background\"><span style=\"font-family: Arial; font-size: 16.0px;\">Hier wird immer das abgelegt, was nur f\u00fcr einzelne User sichtbar sein soll.\nJeder Bereich hat seine eigene Berechtigung und obwohl Du hier zugreifen darfst, <\/span>\n<span style=\"font-family: Arial; font-size: 16.0px;\">heist das nicht das Du alle Bereiche besuchen darfst. <\/span>\n<span style=\"font-family: Arial; font-size: 16.0px;\">Wenn Du irgendwo zugreifen willst, es aber nicht darfst, schicke mir eine Nachricht. \n<\/span><\/pre>\n<\/div><\/div>\n\n\n\n<div class=\"wp-block-buttons is-layout-flex\">\n<div class=\"wp-block-button has-custom-width wp-block-button__width-50\"><a class=\"wp-block-button__link has-text-color has-background wp-element-button\" href=\"http:\/\/91.191.176.212\/WordPress\/familienseite\/\" style=\"color:#deded9;background-color:#216477\">Furck&#8217;s Familienalbum <\/a><\/div>\n<\/div>\n\n\n\n<p><br><\/p>\n\n\n\n<div class=\"wp-block-buttons is-layout-flex\">\n<div class=\"wp-block-button has-custom-width wp-block-button__width-50\"><a class=\"wp-block-button__link has-text-color has-background wp-element-button\" href=\"http:\/\/91.191.176.212\/WordPress\/geschlossene-benutzergruppe\/dies-und-das\/\" style=\"color:#e5e5e5;background-color:#216477\">Verschiedenes in der GBG ohne Zuordnung<\/a><\/div>\n<\/div>\n\n\n\n<p><br><\/p>\n\n\n\n<div class=\"wp-block-buttons is-layout-flex\">\n<div class=\"wp-block-button has-custom-width wp-block-button__width-50\"><a class=\"wp-block-button__link has-text-color has-background wp-element-button\" href=\"http:\/\/91.191.176.212\/WordPress\/handbuecher\/\" style=\"color:#e5e5e5;background-color:#216477\">Handb\u00fccher \/ Manuals<\/a><\/div>\n<\/div>\n","protected":false},"excerpt":{"rendered":"<p>Um diese Seite aufrufen zu k\u00f6nnen, ben\u00f6tigst Du spezielle Rechte. Hier wird immer das abgelegt, was nur f\u00fcr einzelne User sichtbar sein soll. Jeder Bereich hat seine eigene Berechtigung und &#8230;<\/p>\n","protected":false},"author":1,"featured_media":0,"parent":0,"menu_order":0,"comment_status":"closed","ping_status":"closed","template":"","meta":{"_themeisle_gutenberg_block_has_review":false},"_links":{"self":[{"href":"http:\/\/91.191.176.212\/WordPress\/wp-json\/wp\/v2\/pages\/589"}],"collection":[{"href":"http:\/\/91.191.176.212\/WordPress\/wp-json\/wp\/v2\/pages"}],"about":[{"href":"http:\/\/91.191.176.212\/WordPress\/wp-json\/wp\/v2\/types\/page"}],"author":[{"embeddable":true,"href":"http:\/\/91.191.176.212\/WordPress\/wp-json\/wp\/v2\/users\/1"}],"replies":[{"embeddable":true,"href":"http:\/\/91.191.176.212\/WordPress\/wp-json\/wp\/v2\/comments?post=589"}],"version-history":[{"count":13,"href":"http:\/\/91.191.176.212\/WordPress\/wp-json\/wp\/v2\/pages\/589\/revisions"}],"predecessor-version":[{"id":1130,"href":"http:\/\/91.191.176.212\/WordPress\/wp-json\/wp\/v2\/pages\/589\/revisions\/1130"}],"wp:attachment":[{"href":"http:\/\/91.191.176.212\/WordPress\/wp-json\/wp\/v2\/media?parent=589"}],"curies":[{"name":"wp","href":"https:\/\/api.w.org\/{rel}","templated":true}]}}