{"id":1153,"date":"2023-07-18T19:49:07","date_gmt":"2023-07-18T17:49:07","guid":{"rendered":"http:\/\/91.191.176.212\/WordPress\/?page_id=1153"},"modified":"2024-02-02T08:46:34","modified_gmt":"2024-02-02T07:46:34","slug":"ex-its","status":"publish","type":"page","link":"http:\/\/91.191.176.212\/WordPress\/ex-its\/","title":{"rendered":"Ex-ITS"},"content":{"rendered":"\n<h2 class=\"wp-block-heading has-luminous-vivid-amber-color has-text-color\" style=\"font-size:25px;text-transform:capitalize\">Ausfl\u00fcge, Ausfl\u00fcge, Ausfl\u00fcge 2012 &#8211; 2021<\/h2>\n\n\n\n<h4 class=\"wp-block-heading has-text-color\" style=\"color:#266d7a;font-size:25px\">Die Fotoseite der (ex) IT-Steering Kollegen<\/h4>\n\n\n\n<p><\/p>\n\n\n\n<div class=\"wp-block-media-text alignwide is-stacked-on-mobile\"><figure class=\"wp-block-media-text__media\"><img decoding=\"async\" loading=\"lazy\" width=\"1024\" height=\"683\" src=\"http:\/\/91.191.176.212\/WordPress\/wp-content\/uploads\/2023\/07\/2016-RB20-1024x683.jpg\" alt=\"\" class=\"wp-image-1154 size-full\" srcset=\"http:\/\/91.191.176.212\/WordPress\/wp-content\/uploads\/2023\/07\/2016-RB20-1024x683.jpg 1024w, http:\/\/91.191.176.212\/WordPress\/wp-content\/uploads\/2023\/07\/2016-RB20-300x200.jpg 300w, http:\/\/91.191.176.212\/WordPress\/wp-content\/uploads\/2023\/07\/2016-RB20-768x512.jpg 768w, http:\/\/91.191.176.212\/WordPress\/wp-content\/uploads\/2023\/07\/2016-RB20-1536x1024.jpg 1536w, http:\/\/91.191.176.212\/WordPress\/wp-content\/uploads\/2023\/07\/2016-RB20-2048x1365.jpg 2048w\" sizes=\"(max-width: 1024px) 100vw, 1024px\" \/><\/figure><div class=\"wp-block-media-text__content\">\n<p class=\"has-text-color\" style=\"color:#266d7a\">Viele Erinnerungen in Bild und (sp\u00e4ter) Ton wurden von unseren Ausfl\u00fcgen festgehalten. Nicht alle konnten, als sich unser Bereich in 2019 aufl\u00f6ste, in Sicherheit gebracht werden.<\/p>\n\n\n\n<p class=\"has-text-color\" style=\"color:#266d7a\">Dennoch gibt es hunderte Fotos von den Ausfl\u00fcgen zum Paddeln an der Lahn 2012, der Draisinen-Tour 2013 oder dem legend\u00e4ren Winzerexpress 2015 in Bad D\u00fcrkheim.<\/p>\n\n\n\n<p class=\"has-text-color\" style=\"color:#266d7a\">Schaut rein und klickt euch durch die sch\u00f6nen Erinnerungen. Die Bilder sind in einzelne Galerien, nach Ausflugsziel sortiert. In den Galerien selbst habe ich keine Sortierung der Bilder vorgenommen.<\/p>\n\n\n\n<p class=\"has-text-color\" style=\"color:#266d7a\">Da die Bilder von unserer Rheinschifffart in 2017 jetzt auch wieder aufgetaucht sind, d\u00fcrften bis 2021 nun alle Ausfl\u00fcge vorhanden sein. Jetzt aber erst mal viel Spa\u00df beim st\u00f6bern. Klickt einfach unten auf ein Galeriebild.<\/p>\n<\/div><\/div>\n\n\n\n<p><\/p>\n\n\n\n<p class=\"has-text-color\" style=\"color:#9f9c9c;font-size:10px\">Bitte beachten, die Ausfl\u00fcge fanden allesamt auf privater Basis statt. Unser Arbeitgeber hat nichts gesponsort oder in sonstiger weise damit zu tun.<br>Darum sind alle Fotos ebenfalls auf rein privater Basis entstanden. Ein Einverst\u00e4ndniss wurde am Tag der Erstellung von den einzelnen Fotografen vorausgesetzt.<br>Sofern jemand NICHT m\u00f6chte, dass sein Abbild hier erscheint, m\u00f6ge er sich bitte umgehend melden damit seine Bilder gel\u00f6scht werden k\u00f6nnen.<\/p>\n\n\n\n    <div id=\"bwg_container1_0\"         class=\"bwg_container bwg_thumbnail bwg_album_compact_preview bwg_thumbnail\"         data-right-click-protection=\"1\"         data-bwg=\"0\"         data-scroll=\"0\"         data-gallery-type=\"album_compact_preview\"         data-gallery-view-type=\"thumbnail\"         data-current-url=\"\/WordPress\/wp-json\/wp\/v2\/pages\/1153\"         data-lightbox-url=\"http:\/\/91.191.176.212\/WordPress\/wp-admin\/admin-ajax.php?action=GalleryBox&#038;current_view=0&#038;gallery_id=0&#038;tag=0&#038;theme_id=1&#038;shortcode_id=100&#038;sort_by=order&#038;order_by=asc&#038;current_url=%2FWordPress%2Fwp-json%2Fwp%2Fv2%2Fpages%2F1153\"         data-gallery-id=\"0\"         data-popup-width=\"800\"         data-popup-height=\"500\"         data-is-album=\"album\"         data-buttons-position=\"bottom\">      <div id=\"bwg_container2_0\">             <div id=\"ajax_loading_0\" class=\"bwg_loading_div_1\">      <div class=\"bwg_loading_div_2\">        <div class=\"bwg_loading_div_3\">          <div id=\"loading_div_0\" class=\"bwg_spider_ajax_loading\">          <\/div>        <\/div>      <\/div>    <\/div>            <form id=\"gal_front_form_0\"              class=\"bwg-hidden\"              method=\"post\"              action=\"#\"              data-current=\"0\"              data-shortcode-id=\"100\"              data-gallery-type=\"album_compact_preview\"              data-gallery-id=\"0\"              data-tag=\"0\"              data-album-id=\"19\"              data-theme-id=\"1\"              data-ajax-url=\"http:\/\/91.191.176.212\/WordPress\/wp-admin\/admin-ajax.php?action=bwg_frontend_data\">          <div id=\"bwg_container3_0\" class=\"bwg-background bwg-background-0\">                <div data-max-count=\"5\"         data-thumbnail-width=\"250\"         data-bwg=\"0\"         id=\"bwg_album_compact_0\"         class=\"bwg-thumbnails bwg-container bwg-container-0 bwg-album-thumbnails bwg_album_thumbnails_0\">              <div class=\"bwg-item\">          <a class=\"bwg-a bwg-album bwg_album_0\"             href='\/WordPress\/wp-json\/wp\/v2\/pages\/1153?type_0=gallery&#038;album_gallery_id_0=44'                          data-container_id=\"bwg_album_compact_0\"             data-def_type=\"gallery\"             data-album_gallery_id=\"19\"             data-alb_gal_id=\"44\"             data-title=\"Lahntour 2012\"             data-bwg=\"0\">                        <div class=\"bwg-item0 \">              <div class=\"bwg-item1 \">                <div class=\"bwg-item2\">                  <img class=\"skip-lazy \"                       data-width=\"400.00\"                       data-height=\"300.00\"                       data-src=\"http:\/\/91.191.176.212\/WordPress\/wp-content\/uploads\/photo-gallery\/it-steering\/2012_Lahntour\/thumb\/CRW_8015.jpg?bwg=1689593175\"                       src=\"http:\/\/91.191.176.212\/WordPress\/wp-content\/uploads\/photo-gallery\/it-steering\/2012_Lahntour\/thumb\/CRW_8015.jpg?bwg=1689593175\"                       alt=\"Lahntour 2012\"                       title=\"Lahntour 2012\" \/>                <\/div>                <div class=\"\">                                  <\/div>              <\/div>            <\/div>            <div class=\"bwg-title1\"><div class=\"bwg-title2\">Lahntour 2012<\/div><\/div>          <\/a>        <\/div>                <div class=\"bwg-item\">          <a class=\"bwg-a bwg-album bwg_album_0\"             href='\/WordPress\/wp-json\/wp\/v2\/pages\/1153?type_0=gallery&#038;album_gallery_id_0=45'                          data-container_id=\"bwg_album_compact_0\"             data-def_type=\"gallery\"             data-album_gallery_id=\"19\"             data-alb_gal_id=\"45\"             data-title=\"Draisinentour 2013\"             data-bwg=\"0\">                        <div class=\"bwg-item0 \">              <div class=\"bwg-item1 \">                <div class=\"bwg-item2\">                  <img class=\"skip-lazy \"                       data-width=\"400.00\"                       data-height=\"267.00\"                       data-src=\"http:\/\/91.191.176.212\/WordPress\/wp-content\/uploads\/photo-gallery\/it-steering\/Draisinentour_2013\/thumb\/IMG_3932_(1).jpg?bwg=1689598537\"                       src=\"http:\/\/91.191.176.212\/WordPress\/wp-content\/uploads\/photo-gallery\/it-steering\/Draisinentour_2013\/thumb\/IMG_3932_(1).jpg?bwg=1689598537\"                       alt=\"Draisinentour 2013\"                       title=\"Draisinentour 2013\" \/>                <\/div>                <div class=\"\">                                  <\/div>              <\/div>            <\/div>            <div class=\"bwg-title1\"><div class=\"bwg-title2\">Draisinentour 2013<\/div><\/div>          <\/a>        <\/div>                <div class=\"bwg-item\">          <a class=\"bwg-a bwg-album bwg_album_0\"             href='\/WordPress\/wp-json\/wp\/v2\/pages\/1153?type_0=gallery&#038;album_gallery_id_0=46'                          data-container_id=\"bwg_album_compact_0\"             data-def_type=\"gallery\"             data-album_gallery_id=\"19\"             data-alb_gal_id=\"46\"             data-title=\"Baden-Baden 2014\"             data-bwg=\"0\">                        <div class=\"bwg-item0 \">              <div class=\"bwg-item1 \">                <div class=\"bwg-item2\">                  <img class=\"skip-lazy \"                       data-width=\"400.00\"                       data-height=\"300.00\"                       data-src=\"http:\/\/91.191.176.212\/WordPress\/wp-content\/uploads\/photo-gallery\/it-steering\/Baden-Baden_2014\/thumb\/P1160700.jpg?bwg=1689679070\"                       src=\"http:\/\/91.191.176.212\/WordPress\/wp-content\/uploads\/photo-gallery\/it-steering\/Baden-Baden_2014\/thumb\/P1160700.jpg?bwg=1689679070\"                       alt=\"Baden-Baden 2014\"                       title=\"Baden-Baden 2014\" \/>                <\/div>                <div class=\"\">                                  <\/div>              <\/div>            <\/div>            <div class=\"bwg-title1\"><div class=\"bwg-title2\">Baden-Baden 2014<\/div><\/div>          <\/a>        <\/div>                <div class=\"bwg-item\">          <a class=\"bwg-a bwg-album bwg_album_0\"             href='\/WordPress\/wp-json\/wp\/v2\/pages\/1153?type_0=gallery&#038;album_gallery_id_0=47'                          data-container_id=\"bwg_album_compact_0\"             data-def_type=\"gallery\"             data-album_gallery_id=\"19\"             data-alb_gal_id=\"47\"             data-title=\"Winzerexpess 2015\"             data-bwg=\"0\">                        <div class=\"bwg-item0 \">              <div class=\"bwg-item1 \">                <div class=\"bwg-item2\">                  <img class=\"skip-lazy \"                       data-width=\"400.00\"                       data-height=\"267.00\"                       data-src=\"http:\/\/91.191.176.212\/WordPress\/wp-content\/uploads\/photo-gallery\/it-steering\/Winzerexpess_2015\/thumb\/IMG_8296.jpg?bwg=1689682932\"                       src=\"http:\/\/91.191.176.212\/WordPress\/wp-content\/uploads\/photo-gallery\/it-steering\/Winzerexpess_2015\/thumb\/IMG_8296.jpg?bwg=1689682932\"                       alt=\"Winzerexpess 2015\"                       title=\"Winzerexpess 2015\" \/>                <\/div>                <div class=\"\">                                  <\/div>              <\/div>            <\/div>            <div class=\"bwg-title1\"><div class=\"bwg-title2\">Winzerexpess 2015<\/div><\/div>          <\/a>        <\/div>                <div class=\"bwg-item\">          <a class=\"bwg-a bwg-album bwg_album_0\"             href='\/WordPress\/wp-json\/wp\/v2\/pages\/1153?type_0=gallery&#038;album_gallery_id_0=48'                          data-container_id=\"bwg_album_compact_0\"             data-def_type=\"gallery\"             data-album_gallery_id=\"19\"             data-alb_gal_id=\"48\"             data-title=\"Ronneburg 2016\"             data-bwg=\"0\">                        <div class=\"bwg-item0 \">              <div class=\"bwg-item1 \">                <div class=\"bwg-item2\">                  <img class=\"skip-lazy \"                       data-width=\"267.00\"                       data-height=\"400.00\"                       data-src=\"http:\/\/91.191.176.212\/WordPress\/wp-content\/uploads\/photo-gallery\/it-steering\/Ronneburg_2016\/thumb\/2016-RB38.jpg?bwg=1689685754\"                       src=\"http:\/\/91.191.176.212\/WordPress\/wp-content\/uploads\/photo-gallery\/it-steering\/Ronneburg_2016\/thumb\/2016-RB38.jpg?bwg=1689685754\"                       alt=\"Ronneburg 2016\"                       title=\"Ronneburg 2016\" \/>                <\/div>                <div class=\"\">                                  <\/div>              <\/div>            <\/div>            <div class=\"bwg-title1\"><div class=\"bwg-title2\">Ronneburg 2016<\/div><\/div>          <\/a>        <\/div>                <div class=\"bwg-item\">          <a class=\"bwg-a bwg-album bwg_album_0\"             href='\/WordPress\/wp-json\/wp\/v2\/pages\/1153?type_0=gallery&#038;album_gallery_id_0=52'                          data-container_id=\"bwg_album_compact_0\"             data-def_type=\"gallery\"             data-album_gallery_id=\"19\"             data-alb_gal_id=\"52\"             data-title=\"Rhein-Tour 2017\"             data-bwg=\"0\">                        <div class=\"bwg-item0 \">              <div class=\"bwg-item1 \">                <div class=\"bwg-item2\">                  <img class=\"skip-lazy \"                       data-width=\"400.00\"                       data-height=\"267.00\"                       data-src=\"http:\/\/91.191.176.212\/WordPress\/wp-content\/uploads\/photo-gallery\/it-steering\/Rhein_Tour_2017\/thumb\/DSC_7758.jpg?bwg=1700125778\"                       src=\"http:\/\/91.191.176.212\/WordPress\/wp-content\/uploads\/photo-gallery\/it-steering\/Rhein_Tour_2017\/thumb\/DSC_7758.jpg?bwg=1700125778\"                       alt=\"Rhein-Tour 2017\"                       title=\"Rhein-Tour 2017\" \/>                <\/div>                <div class=\"\">                                  <\/div>              <\/div>            <\/div>            <div class=\"bwg-title1\"><div class=\"bwg-title2\">Rhein-Tour 2017<\/div><\/div>          <\/a>        <\/div>                <div class=\"bwg-item\">          <a class=\"bwg-a bwg-album bwg_album_0\"             href='\/WordPress\/wp-json\/wp\/v2\/pages\/1153?type_0=gallery&#038;album_gallery_id_0=49'                          data-container_id=\"bwg_album_compact_0\"             data-def_type=\"gallery\"             data-album_gallery_id=\"19\"             data-alb_gal_id=\"49\"             data-title=\"Jahresabschluss 2017 Possmann\"             data-bwg=\"0\">                        <div class=\"bwg-item0 \">              <div class=\"bwg-item1 \">                <div class=\"bwg-item2\">                  <img class=\"skip-lazy \"                       data-width=\"300.00\"                       data-height=\"400.00\"                       data-src=\"http:\/\/91.191.176.212\/WordPress\/wp-content\/uploads\/photo-gallery\/it-steering\/Possmann_2017\/thumb\/PossmannJD-5.jpg?bwg=1689746103\"                       src=\"http:\/\/91.191.176.212\/WordPress\/wp-content\/uploads\/photo-gallery\/it-steering\/Possmann_2017\/thumb\/PossmannJD-5.jpg?bwg=1689746103\"                       alt=\"Jahresabschluss 2017 Possmann\"                       title=\"Jahresabschluss 2017 Possmann\" \/>                <\/div>                <div class=\"\">                                  <\/div>              <\/div>            <\/div>            <div class=\"bwg-title1\"><div class=\"bwg-title2\">Jahresabschluss 2017 Possmann<\/div><\/div>          <\/a>        <\/div>                <div class=\"bwg-item\">          <a class=\"bwg-a bwg-album bwg_album_0\"             href='\/WordPress\/wp-json\/wp\/v2\/pages\/1153?type_0=gallery&#038;album_gallery_id_0=50'                          data-container_id=\"bwg_album_compact_0\"             data-def_type=\"gallery\"             data-album_gallery_id=\"19\"             data-alb_gal_id=\"50\"             data-title=\"Zwingenberg 2018\"             data-bwg=\"0\">                        <div class=\"bwg-item0 \">              <div class=\"bwg-item1 \">                <div class=\"bwg-item2\">                  <img class=\"skip-lazy \"                       data-width=\"400.00\"                       data-height=\"267.00\"                       data-src=\"http:\/\/91.191.176.212\/WordPress\/wp-content\/uploads\/photo-gallery\/it-steering\/Zwingenberg_2018\/thumb\/IMG_1195.jpg?bwg=1689746337\"                       src=\"http:\/\/91.191.176.212\/WordPress\/wp-content\/uploads\/photo-gallery\/it-steering\/Zwingenberg_2018\/thumb\/IMG_1195.jpg?bwg=1689746337\"                       alt=\"Zwingenberg 2018\"                       title=\"Zwingenberg 2018\" \/>                <\/div>                <div class=\"\">                                  <\/div>              <\/div>            <\/div>            <div class=\"bwg-title1\"><div class=\"bwg-title2\">Zwingenberg 2018<\/div><\/div>          <\/a>        <\/div>                <div class=\"bwg-item\">          <a class=\"bwg-a bwg-album bwg_album_0\"             href='\/WordPress\/wp-json\/wp\/v2\/pages\/1153?type_0=gallery&#038;album_gallery_id_0=51'                          data-container_id=\"bwg_album_compact_0\"             data-def_type=\"gallery\"             data-album_gallery_id=\"19\"             data-alb_gal_id=\"51\"             data-title=\"Abroretum Eschborn 2021\"             data-bwg=\"0\">                        <div class=\"bwg-item0 \">              <div class=\"bwg-item1 \">                <div class=\"bwg-item2\">                  <img class=\"skip-lazy \"                       data-width=\"400.00\"                       data-height=\"300.00\"                       data-src=\"http:\/\/91.191.176.212\/WordPress\/wp-content\/uploads\/photo-gallery\/it-steering\/Abroretum_Eschborn_2021\/thumb\/90456427-4B96-46B6-A3A6-A56431E9DA89.jpg?bwg=1689785898\"                       src=\"http:\/\/91.191.176.212\/WordPress\/wp-content\/uploads\/photo-gallery\/it-steering\/Abroretum_Eschborn_2021\/thumb\/90456427-4B96-46B6-A3A6-A56431E9DA89.jpg?bwg=1689785898\"                       alt=\"Abroretum Eschborn 2021\"                       title=\"Abroretum Eschborn 2021\" \/>                <\/div>                <div class=\"\">                                  <\/div>              <\/div>            <\/div>            <div class=\"bwg-title1\"><div class=\"bwg-title2\">Abroretum Eschborn 2021<\/div><\/div>          <\/a>        <\/div>            <\/div>          <input type=\"hidden\" id=\"bwg_album_breadcrumb_0\" name=\"bwg_album_breadcrumb_0\" value='[{&quot;id&quot;:&quot;19&quot;,&quot;page&quot;:1}]' \/>          <span class=\"bwg_nav_cont_0\">                <script>jQuery('.bwg_nav_cont_0').remove()<\/script>              <input type=\"hidden\" id=\"page_number_0\" name=\"page_number_0\" value=\"1\" \/>      <script type=\"text\/javascript\">        if( jQuery('.bwg_nav_cont_0').length > 1 ) {          jQuery('.bwg_nav_cont_0').first().remove()        }        function spider_page_0(cur, x, y, load_more) {          if (typeof load_more == \"undefined\") {            var load_more = false;          }          if (jQuery(cur).hasClass('disabled')) {            return false;          }          var items_county_0 = 2;          switch (y) {            case 1:              if (x >= items_county_0) {                document.getElementById('page_number_0').value = items_county_0;              }              else {                document.getElementById('page_number_0').value = x + 1;              }              break;            case 2:              document.getElementById('page_number_0').value = items_county_0;              break;            case -1:              if (x == 1) {                document.getElementById('page_number_0').value = 1;              }              else {                document.getElementById('page_number_0').value = x - 1;              }              break;            case -2:              document.getElementById('page_number_0').value = 1;              break;\t\t\t\t\t\tcase 0:              document.getElementById('page_number_0').value = x;              break;            default:              document.getElementById('page_number_0').value = 1;          }          bwg_ajax('gal_front_form_0', '0', 'bwg_album_compact_0', '19', '', 'album', 0, '', '', load_more, '', 0);        }                    jQuery('.first-page-0').on('click', function () {              spider_page_0(this, 1, -2, 'numeric');              return false;            });            jQuery('.prev-page-0').on('click', function () {              spider_page_0(this, 1, -1, 'numeric');              return false;            });            jQuery('.next-page-0').on('click', function () {              spider_page_0(this, 1, 1, 'numeric');              return false;            });            jQuery('.last-page-0').on('click', function () {              spider_page_0(this, 1, 2, 'numeric');              return false;            });        \t\t\t\t\/* Change page on input enter. *\/        function bwg_change_page_0( e, that ) {          if (  e.key == 'Enter' ) {            var to_page = parseInt(jQuery(that).val());            var pages_count = jQuery(that).parents(\".pagination-links\").data(\"pages-count\");            var current_url_param = jQuery(that).attr('data-url-info');            if (to_page > pages_count) {              to_page = 1;            }\t \t\t\t\t\t\t\t\t\t\t\t\tspider_page_0(this, to_page, 0, 'numeric');\t\t\t\t\t\t\treturn false;\t\t\t\t\t\t          }          return true;        }        jQuery('.bwg_load_btn_0').on('click', function () {            spider_page_0(this, 1, 1, true);            return false;        });      <\/script>      <\/span>                <\/div>        <\/form>                <div id=\"bwg_spider_popup_loading_0\" class=\"bwg_spider_popup_loading\"><\/div>        <div id=\"spider_popup_overlay_0\" class=\"spider_popup_overlay\" onclick=\"spider_destroypopup(1000)\"><\/div>        <input type=\"hidden\" id=\"bwg_random_seed_0\" value=\"63869409\">                <\/div>    <\/div>    <script>      if (document.readyState === 'complete') {        if( typeof bwg_main_ready == 'function' ) {          if ( jQuery(\"#bwg_container1_0\").height() ) {            bwg_main_ready(jQuery(\"#bwg_container1_0\"));          }        }      } else {        document.addEventListener('DOMContentLoaded', function() {          if( typeof bwg_main_ready == 'function' ) {            if ( jQuery(\"#bwg_container1_0\").height() ) {             bwg_main_ready(jQuery(\"#bwg_container1_0\"));            }          }        });      }    <\/script>    \n\n\n\n&nbsp;&nbsp;&nbsp;&nbsp;&nbsp;&nbsp;&nbsp;&nbsp;&nbsp;&nbsp;&nbsp;&nbsp;&nbsp;&nbsp;&nbsp;\t<a class=\"paoc-popup-click paoc-popup-cust-1189 paoc-popup-button paoc-popup-btn popupaoc-lime-green\" href=\"javascript:void(0);\">Kurzanleitung: Wie funktioniert das mit der Fotogalerie ?<\/a>\r\n\n","protected":false},"excerpt":{"rendered":"<p>Ausfl\u00fcge, Ausfl\u00fcge, Ausfl\u00fcge 2012 &#8211; 2021 Die Fotoseite der (ex) IT-Steering Kollegen Viele Erinnerungen in Bild und (sp\u00e4ter) Ton wurden von unseren Ausfl\u00fcgen festgehalten. Nicht alle konnten, als sich unser &#8230;<\/p>\n","protected":false},"author":1,"featured_media":0,"parent":0,"menu_order":0,"comment_status":"closed","ping_status":"closed","template":"","meta":{"_themeisle_gutenberg_block_has_review":false},"_links":{"self":[{"href":"http:\/\/91.191.176.212\/WordPress\/wp-json\/wp\/v2\/pages\/1153"}],"collection":[{"href":"http:\/\/91.191.176.212\/WordPress\/wp-json\/wp\/v2\/pages"}],"about":[{"href":"http:\/\/91.191.176.212\/WordPress\/wp-json\/wp\/v2\/types\/page"}],"author":[{"embeddable":true,"href":"http:\/\/91.191.176.212\/WordPress\/wp-json\/wp\/v2\/users\/1"}],"replies":[{"embeddable":true,"href":"http:\/\/91.191.176.212\/WordPress\/wp-json\/wp\/v2\/comments?post=1153"}],"version-history":[{"count":18,"href":"http:\/\/91.191.176.212\/WordPress\/wp-json\/wp\/v2\/pages\/1153\/revisions"}],"predecessor-version":[{"id":1236,"href":"http:\/\/91.191.176.212\/WordPress\/wp-json\/wp\/v2\/pages\/1153\/revisions\/1236"}],"wp:attachment":[{"href":"http:\/\/91.191.176.212\/WordPress\/wp-json\/wp\/v2\/media?parent=1153"}],"curies":[{"name":"wp","href":"https:\/\/api.w.org\/{rel}","templated":true}]}}